{"id":8242,"date":"2025-02-25T16:30:02","date_gmt":"2025-02-25T16:30:02","guid":{"rendered":"https:\/\/sportwagenvermietung-zug.ch\/?page_id=8242"},"modified":"2025-02-25T16:31:56","modified_gmt":"2025-02-25T16:31:56","slug":"impressum","status":"publish","type":"page","link":"https:\/\/sportwagenvermietung-zug.ch\/en\/impressum\/","title":{"rendered":"Imprint"},"content":{"rendered":"<div data-elementor-type=\"wp-page\" data-elementor-id=\"8242\" class=\"elementor elementor-8242\" data-elementor-post-type=\"page\">\n\t\t\t\t\t\t<section class=\"elementor-section elementor-top-section elementor-element elementor-element-798ded4d elementor-section-boxed elementor-section-height-default elementor-section-height-default sc_fly_static\" data-id=\"798ded4d\" data-element_type=\"section\" data-e-type=\"section\" data-settings=\"{&quot;background_background&quot;:&quot;classic&quot;}\">\n\t\t\t\t\t\t<div class=\"elementor-container elementor-column-gap-extended\">\n\t\t\t\t\t<div class=\"elementor-column elementor-col-100 elementor-top-column elementor-element elementor-element-3b047bd5 sc_content_align_inherit sc_layouts_column_icons_position_left sc_fly_static\" data-id=\"3b047bd5\" data-element_type=\"column\" data-e-type=\"column\">\n\t\t\t<div class=\"elementor-widget-wrap elementor-element-populated\">\n\t\t\t\t\t\t<div class=\"elementor-element elementor-element-41b01472 sc_fly_static elementor-widget elementor-widget-text-editor\" data-id=\"41b01472\" data-element_type=\"widget\" data-e-type=\"widget\" data-widget_type=\"text-editor.default\">\n\t\t\t\t<div class=\"elementor-widget-container\">\n\t\t\t\t\t\t\t\t\t<div class=\"content-generator-output\"><b>Responsible entity:<\/b><br\/>Schicker Automobile AG<br\/>Talacherstrasse 5<br\/>6340 Baar<br\/>Switzerland<br\/><strong>Email<\/strong>: info@schicker-automobile.ch<br\/><br\/><strong>Authorized representatives<\/strong><br\/>Emirhan Yilmaz<br\/><br\/><strong>Company name<\/strong>: Schicker Automobile AG<br\/><strong>Registration number<\/strong>: CHE-100.537.186<br\/><strong>VAT identification number<\/strong>: CHE-100.537.186 MWST<br\/><br\/><strong>Disclaimer<\/strong><br\/>The author assumes no responsibility for the accuracy, correctness, timeliness, reliability, and completeness of the information.<br\/>Liability claims against the author due to damages of a material or immaterial nature arising from the access to or use, or non-use of the published information, through misuse of the connection, or due to technical disturbances, are excluded.<br\/><br\/>All offers are subject to change. The author expressly reserves the right to modify, add to, delete parts of the pages, or the entire offer, without prior notice, or to temporarily or permanently discontinue publication.<br\/><br\/><strong>Disclaimer for content and links<\/strong><br\/>References and links to third-party websites are outside our area of responsibility. We disclaim any responsibility for such websites. Access to and use of such websites are at the user's own risk.<br\/><br\/><strong>Copyright statement<\/strong><br\/>The copyrights and all other rights to content, images, photos, or other files on this website belong exclusively to Schicker Automobile AG or the specifically named rights holders. Reproduction of any elements requires prior written consent from the copyright holder.<br\/><br\/><strong>Source<\/strong>: <a style='color:inherit;text-decoration:none;' href='https:\/\/brainbox.swiss\/'>BrainBox Solutions<\/a><\/div>\t\t\t\t\t\t\t\t<\/div>\n\t\t\t\t<\/div>\n\t\t\t\t\t<\/div>\n\t\t<\/div>\n\t\t\t\t\t<\/div>\n\t\t<\/section>\n\t\t\t\t<section class=\"elementor-section elementor-top-section elementor-element elementor-element-933a2c elementor-section-boxed elementor-section-height-default elementor-section-height-default sc_fly_static\" data-id=\"933a2c\" data-element_type=\"section\" data-e-type=\"section\">\n\t\t\t\t\t\t<div class=\"elementor-container elementor-column-gap-extended\">\n\t\t\t\t\t<div class=\"elementor-column elementor-col-100 elementor-top-column elementor-element elementor-element-119b0dff sc_content_align_inherit sc_layouts_column_icons_position_left sc_fly_static\" data-id=\"119b0dff\" data-element_type=\"column\" data-e-type=\"column\">\n\t\t\t<div class=\"elementor-widget-wrap elementor-element-populated\">\n\t\t\t\t\t\t<div class=\"elementor-element elementor-element-6cb31b28 sc_fly_static elementor-widget elementor-widget-spacer\" data-id=\"6cb31b28\" data-element_type=\"widget\" data-e-type=\"widget\" data-widget_type=\"spacer.default\">\n\t\t\t\t<div class=\"elementor-widget-container\">\n\t\t\t\t\t\t\t<div class=\"elementor-spacer\">\n\t\t\t<div class=\"elementor-spacer-inner\"><\/div>\n\t\t<\/div>\n\t\t\t\t\t\t<\/div>\n\t\t\t\t<\/div>\n\t\t\t\t\t<\/div>\n\t\t<\/div>\n\t\t\t\t\t<\/div>\n\t\t<\/section>\n\t\t\t\t<\/div>","protected":false},"excerpt":{"rendered":"<p>Verantwortliche Instanz:Schicker Automobile AGTalacherstrasse 56340 BaarSchweizE-Mail: info@schicker-automobile.ch Vertretungsberechtigte PersonenEmirhan Yilmaz Name des Unternehmens: Schicker Automobile AGRegistrationsnummer: CHE-100.537.186Umsatzsteuer-Identifikationsnummer: CHE-100.537.186 MWST HaftungsausschlussDer Autor \u00fcbernimmt keine Gew\u00e4hr f\u00fcr die Richtigkeit, Genauigkeit, Aktualit\u00e4t, Zuverl\u00e4ssigkeit&hellip;<\/p>","protected":false},"author":2,"featured_media":0,"parent":0,"menu_order":0,"comment_status":"closed","ping_status":"closed","template":"","meta":{"inline_featured_image":false,"footnotes":""},"class_list":["post-8242","page","type-page","status-publish","hentry"],"_links":{"self":[{"href":"https:\/\/sportwagenvermietung-zug.ch\/en\/wp-json\/wp\/v2\/pages\/8242","targetHints":{"allow":["GET"]}}],"collection":[{"href":"https:\/\/sportwagenvermietung-zug.ch\/en\/wp-json\/wp\/v2\/pages"}],"about":[{"href":"https:\/\/sportwagenvermietung-zug.ch\/en\/wp-json\/wp\/v2\/types\/page"}],"author":[{"embeddable":true,"href":"https:\/\/sportwagenvermietung-zug.ch\/en\/wp-json\/wp\/v2\/users\/2"}],"replies":[{"embeddable":true,"href":"https:\/\/sportwagenvermietung-zug.ch\/en\/wp-json\/wp\/v2\/comments?post=8242"}],"version-history":[{"count":4,"href":"https:\/\/sportwagenvermietung-zug.ch\/en\/wp-json\/wp\/v2\/pages\/8242\/revisions"}],"predecessor-version":[{"id":8246,"href":"https:\/\/sportwagenvermietung-zug.ch\/en\/wp-json\/wp\/v2\/pages\/8242\/revisions\/8246"}],"wp:attachment":[{"href":"https:\/\/sportwagenvermietung-zug.ch\/en\/wp-json\/wp\/v2\/media?parent=8242"}],"curies":[{"name":"wp","href":"https:\/\/api.w.org\/{rel}","templated":true}]}}